{"id":1279,"date":"2024-07-19T09:49:59","date_gmt":"2024-07-19T07:49:59","guid":{"rendered":"http:\/\/72.web.thelis.es:30178\/maison-saint-charles\/?page_id=1279"},"modified":"2024-09-13T17:18:51","modified_gmt":"2024-09-13T15:18:51","slug":"actualites","status":"publish","type":"page","link":"http:\/\/72.web.thelis.es:30178\/maison-saint-charles\/actualites\/","title":{"rendered":"Actualit\u00e9s"},"content":{"rendered":"\n<div class=\"wp-block-group alignfull imagen-intro is-layout-constrained wp-block-group-is-layout-constrained\" style=\"margin-top:0px;margin-bottom:0px\">\n<div class=\"wp-block-cover alignfull is-light has-animation forma-1 forma-2\"><span aria-hidden=\"true\" class=\"wp-block-cover__background has-background-dim-10 has-background-dim\"><\/span><img loading=\"lazy\" decoding=\"async\" width=\"1900\" height=\"900\" class=\"wp-block-cover__image-background wp-image-1415\" alt=\"\" src=\"http:\/\/72.web.thelis.es:30178\/maison-saint-charles\/wp-content\/uploads\/actualites-top.jpg\" data-object-fit=\"cover\" srcset=\"http:\/\/72.web.thelis.es:30178\/maison-saint-charles\/wp-content\/uploads\/\/actualites-top.jpg 1900w, http:\/\/72.web.thelis.es:30178\/maison-saint-charles\/wp-content\/uploads\/\/actualites-top-1024x485.jpg 1024w, http:\/\/72.web.thelis.es:30178\/maison-saint-charles\/wp-content\/uploads\/\/actualites-top-768x364.jpg 768w, http:\/\/72.web.thelis.es:30178\/maison-saint-charles\/wp-content\/uploads\/\/actualites-top-1536x728.jpg 1536w, http:\/\/72.web.thelis.es:30178\/maison-saint-charles\/wp-content\/uploads\/\/actualites-top-512x243.jpg 512w, http:\/\/72.web.thelis.es:30178\/maison-saint-charles\/wp-content\/uploads\/\/actualites-top-256x121.jpg 256w\" sizes=\"(max-width: 1900px) 100vw, 1900px\" \/><div class=\"wp-block-cover__inner-container is-layout-constrained wp-block-cover-is-layout-constrained\">\n<p class=\"has-text-align-center has-large-font-size\"><\/p>\n<\/div><\/div>\n<\/div>\n\n\n\n<div class=\"wp-block-group alignfull page-intro r is-layout-constrained wp-block-group-is-layout-constrained\">\n<div class=\"wp-block-columns are-vertically-aligned-center has-animation is-layout-flex wp-container-core-columns-layout-1 wp-block-columns-is-layout-flex\">\n<div class=\"wp-block-column is-vertically-aligned-center texte-intro animation--init--once animation--bottom is-layout-flow wp-block-column-is-layout-flow\">\n<h1 class=\"wp-block-heading has-text-align-center\"><sup>culture, \u00e9v\u00e9nements \u00e0 pariS<\/sup>Les actualit\u00e9s de la <br>Maison Saint-Charles et de Paris<\/h1>\n\n\n\n<p class=\"has-text-align-center\">Retrouvez les derni\u00e8res actualit\u00e9s de la Maison Saint-Charles et des \u00e9v\u00e9nements parisiens.<\/p>\n<\/div>\n<\/div>\n<\/div>\n\n\n\n<div class=\"wp-block-group alignfull les-actualites oh is-layout-constrained wp-block-group-is-layout-constrained\">\n<div class=\"wp-block-columns are-vertically-aligned-top is-layout-flex wp-container-core-columns-layout-5 wp-block-columns-is-layout-flex\">\n<div class=\"wp-block-column is-vertically-aligned-top is-layout-flow wp-block-column-is-layout-flow\">\n<div class=\"wp-block-query is-layout-flow wp-block-query-is-layout-flow\"><ul class=\"wp-block-post-template is-layout-flow wp-block-post-template-is-layout-flow\"><li class=\"wp-block-post post-1664 post type-post status-publish format-standard has-post-thumbnail hentry category-non-classifiee\">\n\n<div class=\"wp-block-columns are-vertically-aligned-center has-animation is-layout-flex wp-container-core-columns-layout-2 wp-block-columns-is-layout-flex\">\n<div class=\"wp-block-column is-vertically-aligned-center la-info is-layout-flow wp-block-column-is-layout-flow\"><h2 class=\"wp-block-post-title\">LA MAISON SAINT-CHARLES A L\u2019HEURE DES JEUX OLYMPIQUES\u00a0<\/h2>\n\n<div class=\"wp-block-post-excerpt\"><p class=\"wp-block-post-excerpt__excerpt\">Exposition photo sur l\u2019histoire du sport et des jeux, retransmission en direct des \u00e9preuves, olympiades ouvertes \u00e0 tous\u2026 Aux mois d\u2019ao\u00fbt et septembre, une ambiance olympique s\u2019est empar\u00e9e de la Maison Saint-Charles\u202f!<\/p><p class=\"wp-block-post-excerpt__more-text\"><a class=\"wp-block-post-excerpt__more-link\" href=\"http:\/\/72.web.thelis.es:30178\/maison-saint-charles\/la-maison-saint-charles-a-lheure-des-jeux-olympiques\/\">En savoir Plus<\/a><\/p><\/div><\/div>\n\n\n\n<div class=\"wp-block-column is-vertically-aligned-center la-image animation--init--once is-layout-flow wp-block-column-is-layout-flow\"><figure class=\"wp-block-post-featured-image\"><img loading=\"lazy\" decoding=\"async\" width=\"1021\" height=\"769\" src=\"http:\/\/72.web.thelis.es:30178\/maison-saint-charles\/wp-content\/uploads\/maison-saint-charles-jeux-olympiques.jpg\" class=\"attachment-post-thumbnail size-post-thumbnail wp-post-image\" alt=\"\" style=\"object-fit:cover;\" srcset=\"http:\/\/72.web.thelis.es:30178\/maison-saint-charles\/wp-content\/uploads\/\/maison-saint-charles-jeux-olympiques.jpg 1021w, http:\/\/72.web.thelis.es:30178\/maison-saint-charles\/wp-content\/uploads\/\/maison-saint-charles-jeux-olympiques-768x578.jpg 768w, http:\/\/72.web.thelis.es:30178\/maison-saint-charles\/wp-content\/uploads\/\/maison-saint-charles-jeux-olympiques-512x386.jpg 512w, http:\/\/72.web.thelis.es:30178\/maison-saint-charles\/wp-content\/uploads\/\/maison-saint-charles-jeux-olympiques-256x193.jpg 256w\" sizes=\"(max-width: 1021px) 100vw, 1021px\" \/><\/figure><\/div>\n<\/div>\n\n<\/li><li class=\"wp-block-post post-1290 post type-post status-publish format-standard has-post-thumbnail hentry category-non-classifiee\">\n\n<div class=\"wp-block-columns are-vertically-aligned-center has-animation is-layout-flex wp-container-core-columns-layout-3 wp-block-columns-is-layout-flex\">\n<div class=\"wp-block-column is-vertically-aligned-center la-info is-layout-flow wp-block-column-is-layout-flow\"><h2 class=\"wp-block-post-title\">Participez aux journ\u00e9es europ\u00e9ennes du patrimoine<\/h2>\n\n<div class=\"wp-block-post-excerpt\"><p class=\"wp-block-post-excerpt__excerpt\">Pour sa 41\u00e8me \u00e9dition, les Journ\u00e9es europ\u00e9ennes du patrimoine auront lieu les 21 et 22 septembre 2024 sur les th\u00e8mes \u00ab\u00a0Patrimoine des itin\u00e9raires, des r\u00e9seaux et des connexions\u00a0\u00bb et \u00ab\u00a0Patrimoine maritime\u00a0\u00bb.<\/p><p class=\"wp-block-post-excerpt__more-text\"><a class=\"wp-block-post-excerpt__more-link\" href=\"http:\/\/72.web.thelis.es:30178\/maison-saint-charles\/participez-aux-journees-europeennes-du-patrimoine\/\">En savoir Plus<\/a><\/p><\/div><\/div>\n\n\n\n<div class=\"wp-block-column is-vertically-aligned-center la-image animation--init--once is-layout-flow wp-block-column-is-layout-flow\"><figure class=\"wp-block-post-featured-image\"><img loading=\"lazy\" decoding=\"async\" width=\"700\" height=\"500\" src=\"http:\/\/72.web.thelis.es:30178\/maison-saint-charles\/wp-content\/uploads\/journees-europeennes-du-patrimoine-feat.jpg\" class=\"attachment-post-thumbnail size-post-thumbnail wp-post-image\" alt=\"\" style=\"object-fit:cover;\" srcset=\"http:\/\/72.web.thelis.es:30178\/maison-saint-charles\/wp-content\/uploads\/\/journees-europeennes-du-patrimoine-feat.jpg 700w, http:\/\/72.web.thelis.es:30178\/maison-saint-charles\/wp-content\/uploads\/\/journees-europeennes-du-patrimoine-feat-512x366.jpg 512w, http:\/\/72.web.thelis.es:30178\/maison-saint-charles\/wp-content\/uploads\/\/journees-europeennes-du-patrimoine-feat-256x183.jpg 256w\" sizes=\"(max-width: 700px) 100vw, 700px\" \/><\/figure><\/div>\n<\/div>\n\n<\/li><li class=\"wp-block-post post-1389 post type-post status-publish format-standard has-post-thumbnail hentry category-non-classifiee\">\n\n<div class=\"wp-block-columns are-vertically-aligned-center has-animation is-layout-flex wp-container-core-columns-layout-4 wp-block-columns-is-layout-flex\">\n<div class=\"wp-block-column is-vertically-aligned-center la-info is-layout-flow wp-block-column-is-layout-flow\"><h2 class=\"wp-block-post-title\">L\u2019h\u00f4tel Maison Saint-Charles f\u00eate ses 2 ans<\/h2>\n\n<div class=\"wp-block-post-excerpt\"><p class=\"wp-block-post-excerpt__excerpt\">Inaugur\u00e9e le 20 septembre 2022, la Maison Saint-Charles c\u00e9l\u00e8bre ses deux ans, marquant un moment de fiert\u00e9 et de succ\u00e8s dans son engagement \u00e0 offrir hospitalit\u00e9 et solidarit\u00e9 au c\u0153ur de Paris.<\/p><p class=\"wp-block-post-excerpt__more-text\"><a class=\"wp-block-post-excerpt__more-link\" href=\"http:\/\/72.web.thelis.es:30178\/maison-saint-charles\/lhotel-maison-saint-charles-fete-ses-2-ans\/\">En savoir Plus<\/a><\/p><\/div><\/div>\n\n\n\n<div class=\"wp-block-column is-vertically-aligned-center la-image animation--init--once is-layout-flow wp-block-column-is-layout-flow\"><figure class=\"wp-block-post-featured-image\"><img loading=\"lazy\" decoding=\"async\" width=\"700\" height=\"500\" src=\"http:\/\/72.web.thelis.es:30178\/maison-saint-charles\/wp-content\/uploads\/maison-saint-charles-facade-feat.jpg\" class=\"attachment-post-thumbnail size-post-thumbnail wp-post-image\" alt=\"\" style=\"object-fit:cover;\" srcset=\"http:\/\/72.web.thelis.es:30178\/maison-saint-charles\/wp-content\/uploads\/\/maison-saint-charles-facade-feat.jpg 700w, http:\/\/72.web.thelis.es:30178\/maison-saint-charles\/wp-content\/uploads\/\/maison-saint-charles-facade-feat-512x366.jpg 512w, http:\/\/72.web.thelis.es:30178\/maison-saint-charles\/wp-content\/uploads\/\/maison-saint-charles-facade-feat-256x183.jpg 256w\" sizes=\"(max-width: 700px) 100vw, 700px\" \/><\/figure><\/div>\n<\/div>\n\n<\/li><\/ul>\n\n<\/div>\n<\/div>\n<\/div>\n<\/div>\n","protected":false},"excerpt":{"rendered":"<p>culture, \u00e9v\u00e9nements \u00e0 pariSLes actualit\u00e9s de la Maison Saint-Charles et de Paris Retrouvez les derni\u00e8res actualit\u00e9s de la Maison Saint-Charles et des \u00e9v\u00e9nements parisiens.<\/p>\n","protected":false},"author":2,"featured_media":0,"parent":0,"menu_order":6,"comment_status":"closed","ping_status":"closed","template":"","meta":{"inline_featured_image":false,"footnotes":""},"acf":[],"yoast_head":"<!-- This site is optimized with the Yoast SEO plugin v23.0 - https:\/\/yoast.com\/wordpress\/plugins\/seo\/ -->\n<title>Actualit\u00e9s - H\u00f4tel de la Maison Saint-Charles<\/title>\n<meta name=\"description\" content=\"culture, \u00e9v\u00e9nements \u00e0 pariSLes actualit\u00e9s de la Maison Saint-Charles et de Paris Retrouvez les derni\u00e8res actualit\u00e9s de la Maison Saint-Charles et des\" \/>\n<meta name=\"robots\" content=\"noindex, follow, max-snippet:-1, max-image-preview:large, max-video-preview:-1\" \/>\n<meta property=\"og:locale\" content=\"fr_FR\" \/>\n<meta property=\"og:type\" content=\"article\" \/>\n<meta property=\"og:title\" content=\"Actualit\u00e9s - H\u00f4tel de la Maison Saint-Charles\" \/>\n<meta property=\"og:description\" content=\"culture, \u00e9v\u00e9nements \u00e0 pariSLes actualit\u00e9s de la Maison Saint-Charles et de Paris Retrouvez les derni\u00e8res actualit\u00e9s de la Maison Saint-Charles et des\" \/>\n<meta property=\"og:url\" content=\"http:\/\/72.web.thelis.es:30178\/maison-saint-charles\/actualites\/\" \/>\n<meta property=\"og:site_name\" content=\"H\u00f4tel de la Maison Saint-Charles\" \/>\n<meta property=\"article:modified_time\" content=\"2024-09-13T15:18:51+00:00\" \/>\n<meta property=\"og:image\" content=\"http:\/\/72.web.thelis.es:30178\/maison-saint-charles\/wp-content\/uploads\/actualites-top.jpg\" \/>\n<meta name=\"twitter:card\" content=\"summary_large_image\" \/>\n<meta name=\"twitter:label1\" content=\"Dur\u00e9e de lecture estim\u00e9e\" \/>\n\t<meta name=\"twitter:data1\" content=\"1 minute\" \/>\n<script type=\"application\/ld+json\" class=\"yoast-schema-graph\">{\"@context\":\"https:\/\/schema.org\",\"@graph\":[{\"@type\":\"WebPage\",\"@id\":\"http:\/\/72.web.thelis.es:30178\/maison-saint-charles\/actualites\/\",\"url\":\"http:\/\/72.web.thelis.es:30178\/maison-saint-charles\/actualites\/\",\"name\":\"Actualit\u00e9s - H\u00f4tel de la Maison Saint-Charles\",\"isPartOf\":{\"@id\":\"http:\/\/72.web.thelis.es:30178\/maison-saint-charles\/#website\"},\"primaryImageOfPage\":{\"@id\":\"http:\/\/72.web.thelis.es:30178\/maison-saint-charles\/actualites\/#primaryimage\"},\"image\":{\"@id\":\"http:\/\/72.web.thelis.es:30178\/maison-saint-charles\/actualites\/#primaryimage\"},\"thumbnailUrl\":\"http:\/\/72.web.thelis.es:30178\/maison-saint-charles\/wp-content\/uploads\/actualites-top.jpg\",\"datePublished\":\"2024-07-19T07:49:59+00:00\",\"dateModified\":\"2024-09-13T15:18:51+00:00\",\"description\":\"culture, \u00e9v\u00e9nements \u00e0 pariSLes actualit\u00e9s de la Maison Saint-Charles et de Paris Retrouvez les derni\u00e8res actualit\u00e9s de la Maison Saint-Charles et des\",\"breadcrumb\":{\"@id\":\"http:\/\/72.web.thelis.es:30178\/maison-saint-charles\/actualites\/#breadcrumb\"},\"inLanguage\":\"fr-FR\",\"potentialAction\":[{\"@type\":\"ReadAction\",\"target\":[\"http:\/\/72.web.thelis.es:30178\/maison-saint-charles\/actualites\/\"]}]},{\"@type\":\"ImageObject\",\"inLanguage\":\"fr-FR\",\"@id\":\"http:\/\/72.web.thelis.es:30178\/maison-saint-charles\/actualites\/#primaryimage\",\"url\":\"http:\/\/72.web.thelis.es:30178\/maison-saint-charles\/wp-content\/uploads\/actualites-top.jpg\",\"contentUrl\":\"http:\/\/72.web.thelis.es:30178\/maison-saint-charles\/wp-content\/uploads\/actualites-top.jpg\",\"width\":1900,\"height\":900},{\"@type\":\"BreadcrumbList\",\"@id\":\"http:\/\/72.web.thelis.es:30178\/maison-saint-charles\/actualites\/#breadcrumb\",\"itemListElement\":[{\"@type\":\"ListItem\",\"position\":1,\"name\":\"Portada\",\"item\":\"http:\/\/72.web.thelis.es:30178\/maison-saint-charles\/\"},{\"@type\":\"ListItem\",\"position\":2,\"name\":\"Actualit\u00e9s\"}]},{\"@type\":\"WebSite\",\"@id\":\"http:\/\/72.web.thelis.es:30178\/maison-saint-charles\/#website\",\"url\":\"http:\/\/72.web.thelis.es:30178\/maison-saint-charles\/\",\"name\":\"H\u00f4tel de la Maison Saint-Charles\",\"description\":\"Un cadre unique au coeur de Paris\",\"publisher\":{\"@id\":\"http:\/\/72.web.thelis.es:30178\/maison-saint-charles\/#organization\"},\"potentialAction\":[{\"@type\":\"SearchAction\",\"target\":{\"@type\":\"EntryPoint\",\"urlTemplate\":\"http:\/\/72.web.thelis.es:30178\/maison-saint-charles\/?s={search_term_string}\"},\"query-input\":\"required name=search_term_string\"}],\"inLanguage\":\"fr-FR\"},{\"@type\":\"Organization\",\"@id\":\"http:\/\/72.web.thelis.es:30178\/maison-saint-charles\/#organization\",\"name\":\"H\u00f4tel de la Maison Saint-Charles\",\"url\":\"http:\/\/72.web.thelis.es:30178\/maison-saint-charles\/\",\"logo\":{\"@type\":\"ImageObject\",\"inLanguage\":\"fr-FR\",\"@id\":\"http:\/\/72.web.thelis.es:30178\/maison-saint-charles\/#\/schema\/logo\/image\/\",\"url\":\"http:\/\/72.web.thelis.es:30178\/maison-saint-charles\/wp-content\/uploads\/logo.svg\",\"contentUrl\":\"http:\/\/72.web.thelis.es:30178\/maison-saint-charles\/wp-content\/uploads\/logo.svg\",\"caption\":\"H\u00f4tel de la Maison Saint-Charles\"},\"image\":{\"@id\":\"http:\/\/72.web.thelis.es:30178\/maison-saint-charles\/#\/schema\/logo\/image\/\"}}]}<\/script>\n<!-- \/ Yoast SEO plugin. -->","yoast_head_json":{"title":"Actualit\u00e9s - H\u00f4tel de la Maison Saint-Charles","description":"culture, \u00e9v\u00e9nements \u00e0 pariSLes actualit\u00e9s de la Maison Saint-Charles et de Paris Retrouvez les derni\u00e8res actualit\u00e9s de la Maison Saint-Charles et des","robots":{"index":"noindex","follow":"follow","max-snippet":"max-snippet:-1","max-image-preview":"max-image-preview:large","max-video-preview":"max-video-preview:-1"},"og_locale":"fr_FR","og_type":"article","og_title":"Actualit\u00e9s - H\u00f4tel de la Maison Saint-Charles","og_description":"culture, \u00e9v\u00e9nements \u00e0 pariSLes actualit\u00e9s de la Maison Saint-Charles et de Paris Retrouvez les derni\u00e8res actualit\u00e9s de la Maison Saint-Charles et des","og_url":"http:\/\/72.web.thelis.es:30178\/maison-saint-charles\/actualites\/","og_site_name":"H\u00f4tel de la Maison Saint-Charles","article_modified_time":"2024-09-13T15:18:51+00:00","og_image":[{"url":"http:\/\/72.web.thelis.es:30178\/maison-saint-charles\/wp-content\/uploads\/actualites-top.jpg"}],"twitter_card":"summary_large_image","twitter_misc":{"Dur\u00e9e de lecture estim\u00e9e":"1 minute"},"schema":{"@context":"https:\/\/schema.org","@graph":[{"@type":"WebPage","@id":"http:\/\/72.web.thelis.es:30178\/maison-saint-charles\/actualites\/","url":"http:\/\/72.web.thelis.es:30178\/maison-saint-charles\/actualites\/","name":"Actualit\u00e9s - H\u00f4tel de la Maison Saint-Charles","isPartOf":{"@id":"http:\/\/72.web.thelis.es:30178\/maison-saint-charles\/#website"},"primaryImageOfPage":{"@id":"http:\/\/72.web.thelis.es:30178\/maison-saint-charles\/actualites\/#primaryimage"},"image":{"@id":"http:\/\/72.web.thelis.es:30178\/maison-saint-charles\/actualites\/#primaryimage"},"thumbnailUrl":"http:\/\/72.web.thelis.es:30178\/maison-saint-charles\/wp-content\/uploads\/actualites-top.jpg","datePublished":"2024-07-19T07:49:59+00:00","dateModified":"2024-09-13T15:18:51+00:00","description":"culture, \u00e9v\u00e9nements \u00e0 pariSLes actualit\u00e9s de la Maison Saint-Charles et de Paris Retrouvez les derni\u00e8res actualit\u00e9s de la Maison Saint-Charles et des","breadcrumb":{"@id":"http:\/\/72.web.thelis.es:30178\/maison-saint-charles\/actualites\/#breadcrumb"},"inLanguage":"fr-FR","potentialAction":[{"@type":"ReadAction","target":["http:\/\/72.web.thelis.es:30178\/maison-saint-charles\/actualites\/"]}]},{"@type":"ImageObject","inLanguage":"fr-FR","@id":"http:\/\/72.web.thelis.es:30178\/maison-saint-charles\/actualites\/#primaryimage","url":"http:\/\/72.web.thelis.es:30178\/maison-saint-charles\/wp-content\/uploads\/actualites-top.jpg","contentUrl":"http:\/\/72.web.thelis.es:30178\/maison-saint-charles\/wp-content\/uploads\/actualites-top.jpg","width":1900,"height":900},{"@type":"BreadcrumbList","@id":"http:\/\/72.web.thelis.es:30178\/maison-saint-charles\/actualites\/#breadcrumb","itemListElement":[{"@type":"ListItem","position":1,"name":"Portada","item":"http:\/\/72.web.thelis.es:30178\/maison-saint-charles\/"},{"@type":"ListItem","position":2,"name":"Actualit\u00e9s"}]},{"@type":"WebSite","@id":"http:\/\/72.web.thelis.es:30178\/maison-saint-charles\/#website","url":"http:\/\/72.web.thelis.es:30178\/maison-saint-charles\/","name":"H\u00f4tel de la Maison Saint-Charles","description":"Un cadre unique au coeur de Paris","publisher":{"@id":"http:\/\/72.web.thelis.es:30178\/maison-saint-charles\/#organization"},"potentialAction":[{"@type":"SearchAction","target":{"@type":"EntryPoint","urlTemplate":"http:\/\/72.web.thelis.es:30178\/maison-saint-charles\/?s={search_term_string}"},"query-input":"required name=search_term_string"}],"inLanguage":"fr-FR"},{"@type":"Organization","@id":"http:\/\/72.web.thelis.es:30178\/maison-saint-charles\/#organization","name":"H\u00f4tel de la Maison Saint-Charles","url":"http:\/\/72.web.thelis.es:30178\/maison-saint-charles\/","logo":{"@type":"ImageObject","inLanguage":"fr-FR","@id":"http:\/\/72.web.thelis.es:30178\/maison-saint-charles\/#\/schema\/logo\/image\/","url":"http:\/\/72.web.thelis.es:30178\/maison-saint-charles\/wp-content\/uploads\/logo.svg","contentUrl":"http:\/\/72.web.thelis.es:30178\/maison-saint-charles\/wp-content\/uploads\/logo.svg","caption":"H\u00f4tel de la Maison Saint-Charles"},"image":{"@id":"http:\/\/72.web.thelis.es:30178\/maison-saint-charles\/#\/schema\/logo\/image\/"}}]}},"_links":{"self":[{"href":"http:\/\/72.web.thelis.es:30178\/maison-saint-charles\/wp-json\/wp\/v2\/pages\/1279"}],"collection":[{"href":"http:\/\/72.web.thelis.es:30178\/maison-saint-charles\/wp-json\/wp\/v2\/pages"}],"about":[{"href":"http:\/\/72.web.thelis.es:30178\/maison-saint-charles\/wp-json\/wp\/v2\/types\/page"}],"author":[{"embeddable":true,"href":"http:\/\/72.web.thelis.es:30178\/maison-saint-charles\/wp-json\/wp\/v2\/users\/2"}],"replies":[{"embeddable":true,"href":"http:\/\/72.web.thelis.es:30178\/maison-saint-charles\/wp-json\/wp\/v2\/comments?post=1279"}],"version-history":[{"count":15,"href":"http:\/\/72.web.thelis.es:30178\/maison-saint-charles\/wp-json\/wp\/v2\/pages\/1279\/revisions"}],"predecessor-version":[{"id":1663,"href":"http:\/\/72.web.thelis.es:30178\/maison-saint-charles\/wp-json\/wp\/v2\/pages\/1279\/revisions\/1663"}],"wp:attachment":[{"href":"http:\/\/72.web.thelis.es:30178\/maison-saint-charles\/wp-json\/wp\/v2\/media?parent=1279"}],"curies":[{"name":"wp","href":"https:\/\/api.w.org\/{rel}","templated":true}]}}