{"id":1512,"date":"2024-07-22T14:41:30","date_gmt":"2024-07-22T12:41:30","guid":{"rendered":"http:\/\/72.web.thelis.es:30178\/maison-saint-charles\/?page_id=1512"},"modified":"2024-09-13T17:50:54","modified_gmt":"2024-09-13T15:50:54","slug":"infos-pratiques","status":"publish","type":"page","link":"http:\/\/72.web.thelis.es:30178\/maison-saint-charles\/infos-pratiques\/","title":{"rendered":"Infos pratiques"},"content":{"rendered":"\n<div class=\"wp-block-group alignfull imagen-intro is-layout-constrained wp-block-group-is-layout-constrained\" style=\"margin-top:0px;margin-bottom:0px\">\n<div class=\"wp-block-cover alignfull has-animation forma-1 forma-2\"><span aria-hidden=\"true\" class=\"wp-block-cover__background has-background-dim-10 has-background-dim\"><\/span><img loading=\"lazy\" decoding=\"async\" width=\"1900\" height=\"900\" class=\"wp-block-cover__image-background wp-image-1549\" alt=\"\" src=\"http:\/\/72.web.thelis.es:30178\/maison-saint-charles\/wp-content\/uploads\/infos-top.jpg\" data-object-fit=\"cover\" srcset=\"http:\/\/72.web.thelis.es:30178\/maison-saint-charles\/wp-content\/uploads\/\/infos-top.jpg 1900w, http:\/\/72.web.thelis.es:30178\/maison-saint-charles\/wp-content\/uploads\/\/infos-top-1024x485.jpg 1024w, http:\/\/72.web.thelis.es:30178\/maison-saint-charles\/wp-content\/uploads\/\/infos-top-768x364.jpg 768w, http:\/\/72.web.thelis.es:30178\/maison-saint-charles\/wp-content\/uploads\/\/infos-top-1536x728.jpg 1536w, http:\/\/72.web.thelis.es:30178\/maison-saint-charles\/wp-content\/uploads\/\/infos-top-512x243.jpg 512w, http:\/\/72.web.thelis.es:30178\/maison-saint-charles\/wp-content\/uploads\/\/infos-top-256x121.jpg 256w\" sizes=\"(max-width: 1900px) 100vw, 1900px\" \/><div class=\"wp-block-cover__inner-container is-layout-constrained wp-block-cover-is-layout-constrained\">\n<p class=\"has-text-align-center has-large-font-size\"><\/p>\n<\/div><\/div>\n<\/div>\n\n\n\n<div class=\"wp-block-group alignfull page-intro r is-layout-constrained wp-block-group-is-layout-constrained\" style=\"margin-bottom:0px\">\n<div class=\"wp-block-columns are-vertically-aligned-center has-animation is-layout-flex wp-container-core-columns-layout-1 wp-block-columns-is-layout-flex\">\n<div class=\"wp-block-column is-vertically-aligned-center texte-intro animation--init--once animation--bottom is-layout-flow wp-block-column-is-layout-flow\">\n<h1 class=\"wp-block-heading has-text-align-center\"><sup>En pratique<\/sup>Toutes les informations <br>pour organiser votre s\u00e9jour<\/h1>\n<\/div>\n<\/div>\n<\/div>\n\n\n\n<div class=\"wp-block-group alignfull block-texte-foto oh info-contact has-theme-blue-2-background-color has-background is-layout-constrained wp-block-group-is-layout-constrained\" style=\"margin-top:0px\">\n<div class=\"wp-block-columns are-vertically-aligned-center has-animation is-layout-flex wp-container-core-columns-layout-2 wp-block-columns-is-layout-flex\">\n<div class=\"wp-block-column is-vertically-aligned-center animation--init--once animation--right is-layout-flow wp-block-column-is-layout-flow\" style=\"flex-basis:45%\">\n<h2 class=\"wp-block-heading has-text-align-left\">Adresse et Contact<\/h2>\n\n\n\n<p class=\"has-text-align-left\">H\u00d4TEL MAISON SAINT-CHARLES<\/p>\n\n\n\n<p class=\"has-text-align-left\">310 rue de Vaugirard <br>75015 Paris<\/p>\n\n\n\n<p class=\"metode\"><strong><em>Par email&nbsp;<\/em><\/strong><\/p>\n\n\n        <a href=\"mailto:maisonsaintcharles@habitat-humanisme.org\"class=\"wp-block-custom-banner tel-web has-text-align-left\" target=\"_blank\">\n        <div class=\"acf-innerblocks-container\">\n\n<p>maisonsaintcharles@habitat-humanisme.org<\/p>\n\n<\/div>\n        <\/a>\n\n\n\n<p class=\"metode\"><strong><em>Par t\u00e9l\u00e9phone<\/em><\/strong><\/p>\n\n\n        <a href=\"tel:+330183754338\"class=\"wp-block-custom-banner tel-web has-text-align-left\" target=\"_blank\">\n        <div class=\"acf-innerblocks-container\">\n\n<p>+33 (0)1 83 75 43 38<\/p>\n\n<\/div>\n        <\/a>\n<\/div>\n\n\n\n<div class=\"wp-block-column is-vertically-aligned-center la-foto animation--init--once animation--left is-layout-flow wp-block-column-is-layout-flow\">\n<div class=\"wp-block-cover is-light con-forma\"><span aria-hidden=\"true\" class=\"wp-block-cover__background has-background-dim-0 has-background-dim\"><\/span><img loading=\"lazy\" decoding=\"async\" width=\"900\" height=\"750\" class=\"wp-block-cover__image-background wp-image-1550\" alt=\"\" src=\"http:\/\/72.web.thelis.es:30178\/maison-saint-charles\/wp-content\/uploads\/infos-01.jpg\" data-object-fit=\"cover\" srcset=\"http:\/\/72.web.thelis.es:30178\/maison-saint-charles\/wp-content\/uploads\/\/infos-01.jpg 900w, http:\/\/72.web.thelis.es:30178\/maison-saint-charles\/wp-content\/uploads\/\/infos-01-768x640.jpg 768w, http:\/\/72.web.thelis.es:30178\/maison-saint-charles\/wp-content\/uploads\/\/infos-01-512x427.jpg 512w, http:\/\/72.web.thelis.es:30178\/maison-saint-charles\/wp-content\/uploads\/\/infos-01-256x213.jpg 256w\" sizes=\"(max-width: 900px) 100vw, 900px\" \/><div class=\"wp-block-cover__inner-container is-layout-constrained wp-block-cover-is-layout-constrained\">\n<p class=\"has-text-align-center has-large-font-size\"><\/p>\n<\/div><\/div>\n<\/div>\n<\/div>\n<\/div>\n\n\n\n<div class=\"wp-block-group alignfull acces-contact oh is-layout-constrained wp-block-group-is-layout-constrained\">\n<div class=\"wp-block-columns is-layout-flex wp-container-core-columns-layout-3 wp-block-columns-is-layout-flex\">\n<div class=\"wp-block-column animation--init--once animation--left is-layout-flow wp-block-column-is-layout-flow\" style=\"flex-basis:41%\">\n<h3 class=\"wp-block-heading has-text-align-left has-theme-blue-1-color has-text-color has-link-color wp-elements-ca421fedda8aec48a3ba1d98e7195523\">Acc\u00e8s<\/h3>\n\n\n\n<p>La Maison Saint-Charles se situe au 310 rue de Vaugirard, 75015 Paris.<\/p>\n\n\n\n<p>La station de m\u00e9tro&nbsp;la plus proche est Convention, sur la ligne 12.<br>En bus, l\u2019h\u00f4tel est desservi par les lignes 39, 80, 62 et Traverse 15 (arr\u00eat Convention-Vaugirard).<br>En V\u00e9lib\u2019, vous trouverez la station N\u00b015052 (Convention Vaugirard, 185 rue de la Convention).<\/p>\n<\/div>\n\n\n\n<div class=\"wp-block-column animation--init--once animation--bottom is-layout-flow wp-block-column-is-layout-flow\">\n<h3 class=\"wp-block-heading has-text-align-left has-theme-blue-1-color has-text-color has-link-color wp-elements-bdab7e065ed2ae78a9e2ee206853ecbd\">Check in \/ check out<\/h3>\n\n\n\n<ul>\n<li>Arriv\u00e9e entre 14h et minuit<\/li>\n\n\n\n<li>D\u00e9part jusqu&rsquo;\u00e0 midi<\/li>\n<\/ul>\n\n\n\n<p>Si vous souhaitez arriver ou partir en dehors des heures pr\u00e9vues, vous pouvez en faire la demande lors de votre r\u00e9servation.<\/p>\n<\/div>\n\n\n\n<div class=\"wp-block-column animation--init--once animation--right is-layout-flow wp-block-column-is-layout-flow\">\n<h3 class=\"wp-block-heading has-text-align-left has-theme-blue-1-color has-text-color has-link-color wp-elements-3a0407ef42bdc35dd3e6efb307948d6f\">S\u00e9minaires<\/h3>\n\n\n\n<p class=\"has-text-align-left\">Nous disposons de salles de r\u00e9union pour vos s\u00e9minaires. Contactez la r\u00e9ception pour toute information. <\/p>\n\n\n\n<p class=\"has-text-align-left\">Par email \u00e0 maisonsaintcharles@habitat-humanisme.org ou par t\u00e9l\u00e9phone au 01 83 75 43 38<\/p>\n<\/div>\n<\/div>\n<\/div>\n\n\n\n<div class=\"wp-block-group alignfull carte-interactive is-layout-constrained wp-block-group-is-layout-constrained\">\n<div class=\"wp-block-columns alignfull is-layout-flex wp-container-core-columns-layout-4 wp-block-columns-is-layout-flex\">\n<div class=\"wp-block-column is-layout-flow wp-block-column-is-layout-flow\">\n<iframe src=\"https:\/\/www.google.com\/maps\/embed?pb=!1m14!1m8!1m3!1d42017.72761217238!2d2.2879152856445275!3d48.83707907701028!3m2!1i1024!2i768!4f13.1!3m3!1m2!1s0x47e670154544af2f%3A0x675db71cf7bc25de!2sMaison%20Saint-Charles!5e0!3m2!1sfr!2ses!4v1726236974606!5m2!1sfr!2ses\" width=\"100%\" height=\"600\" style=\"border:0;\" allowfullscreen=\"\" loading=\"lazy\" referrerpolicy=\"no-referrer-when-downgrade\"><\/iframe>\n<\/div>\n<\/div>\n<\/div>\n\n\n\n<div class=\"wp-block-group alignfull faq-contact oh is-layout-constrained wp-block-group-is-layout-constrained\">\n<div class=\"wp-block-columns is-layout-flex wp-container-core-columns-layout-5 wp-block-columns-is-layout-flex\">\n<div class=\"wp-block-column has-animation is-layout-flow wp-block-column-is-layout-flow\">\n<h2 class=\"wp-block-heading has-text-align-center\" style=\"margin-bottom:50px\">FAQ<\/h2>\n<\/div>\n<\/div>\n\n\n\n<div class=\"wp-block-columns has-animation is-layout-flex wp-container-core-columns-layout-6 wp-block-columns-is-layout-flex\">\n<div class=\"wp-block-column les-faqs animation--init--once animation--left is-layout-flow wp-block-column-is-layout-flow\">\n<details class=\"wp-block-details is-layout-flow wp-block-details-is-layout-flow\"><summary>A quelle heure ferme la r\u00e9ception&nbsp;?<\/summary>\n<p>La r\u00e9ception est ouverte 24h\/24.<\/p>\n<\/details>\n\n\n\n<details class=\"wp-block-details is-layout-flow wp-block-details-is-layout-flow\"><summary>Puis-je laisser mes bagages \u00e0 l\u2019h\u00f4tel avant le check-in ou apr\u00e8s le check-out&nbsp;?<\/summary>\n<p>Oui, nous vous proposons un service de bagagerie avec un espace pour d\u00e9poser valises, sacs ou autres effets personnels.<\/p>\n<\/details>\n\n\n\n<details class=\"wp-block-details is-layout-flow wp-block-details-is-layout-flow\"><summary>Quelles langues parle le personnel de l\u2019\u00e9tablissement&nbsp;?<\/summary>\n<p>Le personnel parle fran\u00e7ais et anglais.<\/p>\n<\/details>\n\n\n\n<details class=\"wp-block-details is-layout-flow wp-block-details-is-layout-flow\"><summary>Puis-je garer ma voiture&nbsp;?<\/summary>\n<p>L\u2019h\u00f4tel ne dispose pas d&rsquo;un parking. Il existe plusieurs parkings publics situ\u00e9s au 335 rue de Vaugirard et 371 rue de Vaugirard.<\/p>\n<\/details>\n\n\n\n<details class=\"wp-block-details is-layout-flow wp-block-details-is-layout-flow\"><summary>Est-il possible de fumer dans l\u2019h\u00f4tel&nbsp;?<\/summary>\n<p>Non, il s\u2019agit d\u2019un \u00e9tablissement non-fumeurs.<\/p>\n<\/details>\n<\/div>\n\n\n\n<div class=\"wp-block-column les-faqs animation--init--once animation--right is-layout-flow wp-block-column-is-layout-flow\">\n<details class=\"wp-block-details is-layout-flow wp-block-details-is-layout-flow\"><summary>Y-a-t-il un restaurant dans l\u2019h\u00f4tel&nbsp;?<\/summary>\n<p>Non, l\u2019h\u00f4tel ne poss\u00e8de pas de restaurant, mais de nombreux \u00e9tablissements sont accessibles dans le quartier.<\/p>\n<\/details>\n\n\n\n<details class=\"wp-block-details is-layout-flow wp-block-details-is-layout-flow\"><summary>L\u2019\u00e9tablissement poss\u00e8de-t-il une connexion internet&nbsp;?<\/summary>\n<p>Oui, le Wi-Fi est disponible dans tout l&rsquo;\u00e9tablissement gratuitement.<\/p>\n<\/details>\n\n\n\n<details class=\"wp-block-details is-layout-flow wp-block-details-is-layout-flow\"><summary>Est-il possible de b\u00e9n\u00e9ficier d\u2019un lit b\u00e9b\u00e9&nbsp;?<\/summary>\n<p>Oui, le lit b\u00e9b\u00e9 est disponible gratuitement sur demande, sous r\u00e9serve de disponibilit\u00e9.<\/p>\n<\/details>\n\n\n\n<details class=\"wp-block-details is-layout-flow wp-block-details-is-layout-flow\"><summary>Est-il possible de venir avec son animal&nbsp;?<\/summary>\n<p>Non, la Maison Saint-Charles n\u2019accueille pas les animaux de compagnie.<\/p>\n<\/details>\n\n\n\n<details class=\"wp-block-details is-layout-flow wp-block-details-is-layout-flow\"><summary>Puis-je organiser une f\u00eate&nbsp;?<\/summary>\n<p>Non les f\u00eates ne sont pas autoris\u00e9es.<\/p>\n<\/details>\n<\/div>\n<\/div>\n<\/div>\n","protected":false},"excerpt":{"rendered":"<p>En pratiqueToutes les informations pour organiser votre s\u00e9jour Adresse et Contact Par email&nbsp; Par t\u00e9l\u00e9phone Acc\u00e8s La Maison Saint-Charles se situe au 310 rue de&#8230;<\/p>\n","protected":false},"author":2,"featured_media":0,"parent":0,"menu_order":5,"comment_status":"closed","ping_status":"closed","template":"","meta":{"inline_featured_image":false,"footnotes":""},"acf":[],"yoast_head":"<!-- This site is optimized with the Yoast SEO plugin v23.0 - https:\/\/yoast.com\/wordpress\/plugins\/seo\/ -->\n<title>Infos pratiques - H\u00f4tel de la Maison Saint-Charles<\/title>\n<meta name=\"description\" content=\"En pratiqueToutes les informations pour organiser votre s\u00e9jour Adresse et Contact Par email&nbsp; Par t\u00e9l\u00e9phone Acc\u00e8s La Maison Saint-Charles se situe au\" \/>\n<meta name=\"robots\" content=\"noindex, follow, max-snippet:-1, max-image-preview:large, max-video-preview:-1\" \/>\n<meta property=\"og:locale\" content=\"fr_FR\" \/>\n<meta property=\"og:type\" content=\"article\" \/>\n<meta property=\"og:title\" content=\"Infos pratiques - H\u00f4tel de la Maison Saint-Charles\" \/>\n<meta property=\"og:description\" content=\"En pratiqueToutes les informations pour organiser votre s\u00e9jour Adresse et Contact Par email&nbsp; Par t\u00e9l\u00e9phone Acc\u00e8s La Maison Saint-Charles se situe au\" \/>\n<meta property=\"og:url\" content=\"http:\/\/72.web.thelis.es:30178\/maison-saint-charles\/infos-pratiques\/\" \/>\n<meta property=\"og:site_name\" content=\"H\u00f4tel de la Maison Saint-Charles\" \/>\n<meta property=\"article:modified_time\" content=\"2024-09-13T15:50:54+00:00\" \/>\n<meta property=\"og:image\" content=\"http:\/\/72.web.thelis.es:30178\/maison-saint-charles\/wp-content\/uploads\/infos-top.jpg\" \/>\n<meta name=\"twitter:card\" content=\"summary_large_image\" \/>\n<meta name=\"twitter:label1\" content=\"Dur\u00e9e de lecture estim\u00e9e\" \/>\n\t<meta name=\"twitter:data1\" content=\"9 minutes\" \/>\n<script type=\"application\/ld+json\" class=\"yoast-schema-graph\">{\"@context\":\"https:\/\/schema.org\",\"@graph\":[{\"@type\":\"WebPage\",\"@id\":\"http:\/\/72.web.thelis.es:30178\/maison-saint-charles\/infos-pratiques\/\",\"url\":\"http:\/\/72.web.thelis.es:30178\/maison-saint-charles\/infos-pratiques\/\",\"name\":\"Infos pratiques - H\u00f4tel de la Maison Saint-Charles\",\"isPartOf\":{\"@id\":\"http:\/\/72.web.thelis.es:30178\/maison-saint-charles\/#website\"},\"primaryImageOfPage\":{\"@id\":\"http:\/\/72.web.thelis.es:30178\/maison-saint-charles\/infos-pratiques\/#primaryimage\"},\"image\":{\"@id\":\"http:\/\/72.web.thelis.es:30178\/maison-saint-charles\/infos-pratiques\/#primaryimage\"},\"thumbnailUrl\":\"http:\/\/72.web.thelis.es:30178\/maison-saint-charles\/wp-content\/uploads\/infos-top.jpg\",\"datePublished\":\"2024-07-22T12:41:30+00:00\",\"dateModified\":\"2024-09-13T15:50:54+00:00\",\"description\":\"En pratiqueToutes les informations pour organiser votre s\u00e9jour Adresse et Contact Par email&nbsp; Par t\u00e9l\u00e9phone Acc\u00e8s La Maison Saint-Charles se situe au\",\"breadcrumb\":{\"@id\":\"http:\/\/72.web.thelis.es:30178\/maison-saint-charles\/infos-pratiques\/#breadcrumb\"},\"inLanguage\":\"fr-FR\",\"potentialAction\":[{\"@type\":\"ReadAction\",\"target\":[\"http:\/\/72.web.thelis.es:30178\/maison-saint-charles\/infos-pratiques\/\"]}]},{\"@type\":\"ImageObject\",\"inLanguage\":\"fr-FR\",\"@id\":\"http:\/\/72.web.thelis.es:30178\/maison-saint-charles\/infos-pratiques\/#primaryimage\",\"url\":\"http:\/\/72.web.thelis.es:30178\/maison-saint-charles\/wp-content\/uploads\/infos-top.jpg\",\"contentUrl\":\"http:\/\/72.web.thelis.es:30178\/maison-saint-charles\/wp-content\/uploads\/infos-top.jpg\",\"width\":1900,\"height\":900},{\"@type\":\"BreadcrumbList\",\"@id\":\"http:\/\/72.web.thelis.es:30178\/maison-saint-charles\/infos-pratiques\/#breadcrumb\",\"itemListElement\":[{\"@type\":\"ListItem\",\"position\":1,\"name\":\"Portada\",\"item\":\"http:\/\/72.web.thelis.es:30178\/maison-saint-charles\/\"},{\"@type\":\"ListItem\",\"position\":2,\"name\":\"Infos pratiques\"}]},{\"@type\":\"WebSite\",\"@id\":\"http:\/\/72.web.thelis.es:30178\/maison-saint-charles\/#website\",\"url\":\"http:\/\/72.web.thelis.es:30178\/maison-saint-charles\/\",\"name\":\"H\u00f4tel de la Maison Saint-Charles\",\"description\":\"Un cadre unique au coeur de Paris\",\"publisher\":{\"@id\":\"http:\/\/72.web.thelis.es:30178\/maison-saint-charles\/#organization\"},\"potentialAction\":[{\"@type\":\"SearchAction\",\"target\":{\"@type\":\"EntryPoint\",\"urlTemplate\":\"http:\/\/72.web.thelis.es:30178\/maison-saint-charles\/?s={search_term_string}\"},\"query-input\":\"required name=search_term_string\"}],\"inLanguage\":\"fr-FR\"},{\"@type\":\"Organization\",\"@id\":\"http:\/\/72.web.thelis.es:30178\/maison-saint-charles\/#organization\",\"name\":\"H\u00f4tel de la Maison Saint-Charles\",\"url\":\"http:\/\/72.web.thelis.es:30178\/maison-saint-charles\/\",\"logo\":{\"@type\":\"ImageObject\",\"inLanguage\":\"fr-FR\",\"@id\":\"http:\/\/72.web.thelis.es:30178\/maison-saint-charles\/#\/schema\/logo\/image\/\",\"url\":\"http:\/\/72.web.thelis.es:30178\/maison-saint-charles\/wp-content\/uploads\/logo.svg\",\"contentUrl\":\"http:\/\/72.web.thelis.es:30178\/maison-saint-charles\/wp-content\/uploads\/logo.svg\",\"caption\":\"H\u00f4tel de la Maison Saint-Charles\"},\"image\":{\"@id\":\"http:\/\/72.web.thelis.es:30178\/maison-saint-charles\/#\/schema\/logo\/image\/\"}}]}<\/script>\n<!-- \/ Yoast SEO plugin. -->","yoast_head_json":{"title":"Infos pratiques - H\u00f4tel de la Maison Saint-Charles","description":"En pratiqueToutes les informations pour organiser votre s\u00e9jour Adresse et Contact Par email&nbsp; Par t\u00e9l\u00e9phone Acc\u00e8s La Maison Saint-Charles se situe au","robots":{"index":"noindex","follow":"follow","max-snippet":"max-snippet:-1","max-image-preview":"max-image-preview:large","max-video-preview":"max-video-preview:-1"},"og_locale":"fr_FR","og_type":"article","og_title":"Infos pratiques - H\u00f4tel de la Maison Saint-Charles","og_description":"En pratiqueToutes les informations pour organiser votre s\u00e9jour Adresse et Contact Par email&nbsp; Par t\u00e9l\u00e9phone Acc\u00e8s La Maison Saint-Charles se situe au","og_url":"http:\/\/72.web.thelis.es:30178\/maison-saint-charles\/infos-pratiques\/","og_site_name":"H\u00f4tel de la Maison Saint-Charles","article_modified_time":"2024-09-13T15:50:54+00:00","og_image":[{"url":"http:\/\/72.web.thelis.es:30178\/maison-saint-charles\/wp-content\/uploads\/infos-top.jpg"}],"twitter_card":"summary_large_image","twitter_misc":{"Dur\u00e9e de lecture estim\u00e9e":"9 minutes"},"schema":{"@context":"https:\/\/schema.org","@graph":[{"@type":"WebPage","@id":"http:\/\/72.web.thelis.es:30178\/maison-saint-charles\/infos-pratiques\/","url":"http:\/\/72.web.thelis.es:30178\/maison-saint-charles\/infos-pratiques\/","name":"Infos pratiques - H\u00f4tel de la Maison Saint-Charles","isPartOf":{"@id":"http:\/\/72.web.thelis.es:30178\/maison-saint-charles\/#website"},"primaryImageOfPage":{"@id":"http:\/\/72.web.thelis.es:30178\/maison-saint-charles\/infos-pratiques\/#primaryimage"},"image":{"@id":"http:\/\/72.web.thelis.es:30178\/maison-saint-charles\/infos-pratiques\/#primaryimage"},"thumbnailUrl":"http:\/\/72.web.thelis.es:30178\/maison-saint-charles\/wp-content\/uploads\/infos-top.jpg","datePublished":"2024-07-22T12:41:30+00:00","dateModified":"2024-09-13T15:50:54+00:00","description":"En pratiqueToutes les informations pour organiser votre s\u00e9jour Adresse et Contact Par email&nbsp; Par t\u00e9l\u00e9phone Acc\u00e8s La Maison Saint-Charles se situe au","breadcrumb":{"@id":"http:\/\/72.web.thelis.es:30178\/maison-saint-charles\/infos-pratiques\/#breadcrumb"},"inLanguage":"fr-FR","potentialAction":[{"@type":"ReadAction","target":["http:\/\/72.web.thelis.es:30178\/maison-saint-charles\/infos-pratiques\/"]}]},{"@type":"ImageObject","inLanguage":"fr-FR","@id":"http:\/\/72.web.thelis.es:30178\/maison-saint-charles\/infos-pratiques\/#primaryimage","url":"http:\/\/72.web.thelis.es:30178\/maison-saint-charles\/wp-content\/uploads\/infos-top.jpg","contentUrl":"http:\/\/72.web.thelis.es:30178\/maison-saint-charles\/wp-content\/uploads\/infos-top.jpg","width":1900,"height":900},{"@type":"BreadcrumbList","@id":"http:\/\/72.web.thelis.es:30178\/maison-saint-charles\/infos-pratiques\/#breadcrumb","itemListElement":[{"@type":"ListItem","position":1,"name":"Portada","item":"http:\/\/72.web.thelis.es:30178\/maison-saint-charles\/"},{"@type":"ListItem","position":2,"name":"Infos pratiques"}]},{"@type":"WebSite","@id":"http:\/\/72.web.thelis.es:30178\/maison-saint-charles\/#website","url":"http:\/\/72.web.thelis.es:30178\/maison-saint-charles\/","name":"H\u00f4tel de la Maison Saint-Charles","description":"Un cadre unique au coeur de Paris","publisher":{"@id":"http:\/\/72.web.thelis.es:30178\/maison-saint-charles\/#organization"},"potentialAction":[{"@type":"SearchAction","target":{"@type":"EntryPoint","urlTemplate":"http:\/\/72.web.thelis.es:30178\/maison-saint-charles\/?s={search_term_string}"},"query-input":"required name=search_term_string"}],"inLanguage":"fr-FR"},{"@type":"Organization","@id":"http:\/\/72.web.thelis.es:30178\/maison-saint-charles\/#organization","name":"H\u00f4tel de la Maison Saint-Charles","url":"http:\/\/72.web.thelis.es:30178\/maison-saint-charles\/","logo":{"@type":"ImageObject","inLanguage":"fr-FR","@id":"http:\/\/72.web.thelis.es:30178\/maison-saint-charles\/#\/schema\/logo\/image\/","url":"http:\/\/72.web.thelis.es:30178\/maison-saint-charles\/wp-content\/uploads\/logo.svg","contentUrl":"http:\/\/72.web.thelis.es:30178\/maison-saint-charles\/wp-content\/uploads\/logo.svg","caption":"H\u00f4tel de la Maison Saint-Charles"},"image":{"@id":"http:\/\/72.web.thelis.es:30178\/maison-saint-charles\/#\/schema\/logo\/image\/"}}]}},"_links":{"self":[{"href":"http:\/\/72.web.thelis.es:30178\/maison-saint-charles\/wp-json\/wp\/v2\/pages\/1512"}],"collection":[{"href":"http:\/\/72.web.thelis.es:30178\/maison-saint-charles\/wp-json\/wp\/v2\/pages"}],"about":[{"href":"http:\/\/72.web.thelis.es:30178\/maison-saint-charles\/wp-json\/wp\/v2\/types\/page"}],"author":[{"embeddable":true,"href":"http:\/\/72.web.thelis.es:30178\/maison-saint-charles\/wp-json\/wp\/v2\/users\/2"}],"replies":[{"embeddable":true,"href":"http:\/\/72.web.thelis.es:30178\/maison-saint-charles\/wp-json\/wp\/v2\/comments?post=1512"}],"version-history":[{"count":31,"href":"http:\/\/72.web.thelis.es:30178\/maison-saint-charles\/wp-json\/wp\/v2\/pages\/1512\/revisions"}],"predecessor-version":[{"id":1678,"href":"http:\/\/72.web.thelis.es:30178\/maison-saint-charles\/wp-json\/wp\/v2\/pages\/1512\/revisions\/1678"}],"wp:attachment":[{"href":"http:\/\/72.web.thelis.es:30178\/maison-saint-charles\/wp-json\/wp\/v2\/media?parent=1512"}],"curies":[{"name":"wp","href":"https:\/\/api.w.org\/{rel}","templated":true}]}}